{"id":12,"date":"2024-10-02T10:47:48","date_gmt":"2024-10-02T15:47:48","guid":{"rendered":"https:\/\/netsiteperu.com\/?page_id=12"},"modified":"2024-10-14T19:55:01","modified_gmt":"2024-10-15T00:55:01","slug":"home","status":"publish","type":"page","link":"https:\/\/netsiteperu.com\/","title":{"rendered":"Home"},"content":{"rendered":"\n\t<section class=\"section\" id=\"section_1306843458\">\n\t\t<div class=\"bg section-bg fill bg-fill  bg-loaded\" >\n\n\t\t\t\n\t\t\t\n\t\t\t\n\n\t\t<\/div>\n\n\t\t\n\n\t\t<div class=\"section-content relative\">\n\t\t\t\n\n<div class=\"row row-collapse row-full-width align-equal align-center\"  id=\"row-408735437\">\n\n\n\t<div id=\"col-1867697495\" class=\"col small-12 large-12\"  >\n\t\t\t\t<div class=\"col-inner\"  >\n\t\t\t\n\t\t\t\n\n\n  <div class=\"banner has-hover\" id=\"banner-1323250974\">\n          <div class=\"banner-inner fill\">\n        <div class=\"banner-bg fill\" >\n            <div class=\"bg fill bg-fill \"><\/div>\n                                    \n                    <\/div>\n\t\t\n        <div class=\"banner-layers container\">\n            <div class=\"fill banner-link\"><\/div>            \n\n   <div id=\"text-box-723670245\" class=\"text-box banner-layer x50 md-x50 lg-x50 y10 md-y10 lg-y10 res-text\">\n                                <div class=\"text-box-content text dark\">\n              \n              <div class=\"text-inner text-center\">\n                  \n\n<p class=\"verdana\"><strong><span style=\"color: #ffffff; font-size: 160%;\">Necesitas una pagina web para tu negocio o automatizar tu empresa?<\/span><\/strong><\/p>\n\n              <\/div>\n           <\/div>\n                            \n<style>\n#text-box-723670245 {\n  width: 51%;\n}\n#text-box-723670245 .text-box-content {\n  font-size: 100%;\n}\n<\/style>\n    <\/div>\n \n   <div id=\"text-box-717652179\" class=\"text-box banner-layer x50 md-x50 lg-x50 y90 md-y90 lg-y90 res-text\">\n                                <div class=\"text-box-content text dark\">\n              \n              <div class=\"text-inner text-center\">\n                  \n\n<div class=\"row row-collapse row-full-width align-equal align-center\"  id=\"row-107613791\">\n\n\n\t<div id=\"col-1220178600\" class=\"col small-12 large-12\"  >\n\t\t\t\t<div class=\"col-inner\"  >\n\t\t\t\n\t\t\t\n\n<p class=\"verdana\"><strong><span style=\"font-size: 500%;\">NETSITE<\/span><\/strong><br \/>\n<strong><span style=\"color: #000000; font-size: 190%;\">Te ayuda a lograrlo<\/span><\/strong><\/p>\n\n\t\t<\/div>\n\t\t\t\t\t<\/div>\n\n\t\n\n\t<div id=\"col-1036503000\" class=\"col small-12 large-12\"  >\n\t\t\t\t<div class=\"col-inner text-center\"  >\n\t\t\t\n\t\t\t\n\n\t<div class=\"img has-hover x md-x lg-x y md-y lg-y\" id=\"image_1623364405\">\n\t\t\t\t\t\t\t\t<div class=\"img-inner dark\" >\n\t\t\t<img loading=\"lazy\" decoding=\"async\" width=\"671\" height=\"525\" src=\"https:\/\/netsiteperu.com\/wp-content\/uploads\/2024\/10\/Capa-11.webp\" class=\"attachment-original size-original\" alt=\"\" srcset=\"https:\/\/netsiteperu.com\/wp-content\/uploads\/2024\/10\/Capa-11.webp 671w, https:\/\/netsiteperu.com\/wp-content\/uploads\/2024\/10\/Capa-11-300x235.webp 300w\" sizes=\"auto, (max-width: 671px) 100vw, 671px\" \/>\t\t\t\t\t\t\n\t\t\t\t\t<\/div>\n\t\t\t\t\t\t\t\t\n<style>\n#image_1623364405 {\n  width: 60%;\n}\n<\/style>\n\t<\/div>\n\t\n\n\n\t\t<\/div>\n\t\t\t\t\n<style>\n#col-1036503000 > .col-inner {\n  margin: 20px 0px -20px 0px;\n}\n<\/style>\n\t<\/div>\n\n\t\n\n<\/div>\n\n              <\/div>\n           <\/div>\n                            \n<style>\n#text-box-717652179 {\n  width: 60%;\n}\n#text-box-717652179 .text-box-content {\n  font-size: 100%;\n}\n<\/style>\n    <\/div>\n \n\n        <\/div>\n      <\/div>\n\n            \n<style>\n#banner-1323250974 {\n  padding-top: 65%;\n}\n#banner-1323250974 .bg.bg-loaded {\n  background-image: url(https:\/\/netsiteperu.com\/wp-content\/uploads\/2024\/10\/Banner1.webp);\n}\n#banner-1323250974 .bg {\n  background-position: 0% 0%;\n}\n#banner-1323250974 .ux-shape-divider--top svg {\n  height: 150px;\n  --divider-top-width: 100%;\n}\n#banner-1323250974 .ux-shape-divider--bottom svg {\n  height: 150px;\n  --divider-width: 100%;\n}\n<\/style>\n  <\/div>\n\n\n\n\t\t<\/div>\n\t\t\t\t\t<\/div>\n\n\t\n\n<\/div>\n\t<div id=\"gap-1591754657\" class=\"gap-element clearfix\" style=\"display:block; height:auto;\">\n\t\t\n<style>\n#gap-1591754657 {\n  padding-top: 30px;\n}\n<\/style>\n\t<\/div>\n\t\n\n<div class=\"row row-small row-full-width align-equal align-center\"  id=\"row-2073051857\">\n\n\n\t<div id=\"col-1070153866\" class=\"col medium-3 small-12 large-3\"  >\n\t\t\t\t<div class=\"col-inner text-center\"  >\n\t\t\t\n\t\t\t\n\n<div class=\"row\"  id=\"row-2106128956\">\n\n\n\t<div id=\"col-866354001\" class=\"col medium-11 small-12 large-11\"  >\n\t\t\t\t<div class=\"col-inner\"  >\n\t\t\t\n\t\t\t\n\n\t<div class=\"img has-hover x md-x lg-x y md-y lg-y\" id=\"image_596887000\">\n\t\t\t\t\t\t\t\t<div class=\"img-inner dark\" >\n\t\t\t<img loading=\"lazy\" decoding=\"async\" width=\"323\" height=\"328\" src=\"https:\/\/netsiteperu.com\/wp-content\/uploads\/2024\/10\/01.webp\" class=\"attachment-original size-original\" alt=\"\" srcset=\"https:\/\/netsiteperu.com\/wp-content\/uploads\/2024\/10\/01.webp 323w, https:\/\/netsiteperu.com\/wp-content\/uploads\/2024\/10\/01-295x300.webp 295w\" sizes=\"auto, (max-width: 323px) 100vw, 323px\" \/>\t\t\t\t\t\t\n\t\t\t\t\t<\/div>\n\t\t\t\t\t\t\t\t\n<style>\n#image_596887000 {\n  width: 100%;\n}\n<\/style>\n\t<\/div>\n\t\n\n\n\t\t<\/div>\n\t\t\t\t\t<\/div>\n\n\t\n\n\t<div id=\"col-538439446\" class=\"col medium-11 small-12 large-11\"  >\n\t\t\t\t<div class=\"col-inner\"  >\n\t\t\t\n\t\t\t\n\n<p class=\"verdana\"><strong><span style=\"font-size: 150%; color: #000000;\">Asesor\u00eda:<\/span><\/strong><\/p>\n<p class=\"verdana\"><span style=\"font-size: 100%; color: #000000;\">Realizamos asesoria sobre los temas de automatizaci\u00f3n de procesos referentes a operatividad en tu empresa.<\/span><\/p>\n\n\t\t<\/div>\n\t\t\t\t\t<\/div>\n\n\t\n\n<\/div>\n\n\t\t<\/div>\n\t\t\t\t\t<\/div>\n\n\t\n\n\t<div id=\"col-421170520\" class=\"col medium-3 small-12 large-3\"  >\n\t\t\t\t<div class=\"col-inner text-center\"  >\n\t\t\t\n\t\t\t\n\n<div class=\"row\"  id=\"row-251980597\">\n\n\n\t<div id=\"col-1978744279\" class=\"col medium-11 small-12 large-11\"  >\n\t\t\t\t<div class=\"col-inner\"  >\n\t\t\t\n\t\t\t\n\n\t<div class=\"img has-hover x md-x lg-x y md-y lg-y\" id=\"image_419659779\">\n\t\t\t\t\t\t\t\t<div class=\"img-inner dark\" style=\"margin:30px 0px 0px 0px;\">\n\t\t\t<img loading=\"lazy\" decoding=\"async\" width=\"344\" height=\"302\" src=\"https:\/\/netsiteperu.com\/wp-content\/uploads\/2024\/10\/02.webp\" class=\"attachment-original size-original\" alt=\"\" srcset=\"https:\/\/netsiteperu.com\/wp-content\/uploads\/2024\/10\/02.webp 344w, https:\/\/netsiteperu.com\/wp-content\/uploads\/2024\/10\/02-300x263.webp 300w\" sizes=\"auto, (max-width: 344px) 100vw, 344px\" \/>\t\t\t\t\t\t\n\t\t\t\t\t<\/div>\n\t\t\t\t\t\t\t\t\n<style>\n#image_419659779 {\n  width: 100%;\n}\n<\/style>\n\t<\/div>\n\t\n\n\n\t\t<\/div>\n\t\t\t\t\t<\/div>\n\n\t\n\n\t<div id=\"col-953872336\" class=\"col medium-11 small-12 large-11\"  >\n\t\t\t\t<div class=\"col-inner\"  >\n\t\t\t\n\t\t\t\n\n<p class=\"verdana\"><strong><span style=\"font-size: 150%; color: #000000;\">P\u00e1gina Web:<\/span><\/strong><\/p>\n<p class=\"verdana\"><span style=\"font-size: 100%; color: #000000;\">Realizamos dise\u00f1o de p\u00e1ginas web personalizadas a partir de un dise\u00f1o existente o que se necesite dise\u00f1ar.<\/span><\/p>\n\n\t\t<\/div>\n\t\t\t\t\n<style>\n#col-953872336 > .col-inner {\n  padding: 15px 0px 0px 0px;\n}\n<\/style>\n\t<\/div>\n\n\t\n\n<\/div>\n\n\t\t<\/div>\n\t\t\t\t\t<\/div>\n\n\t\n\n\t<div id=\"col-880270530\" class=\"col medium-3 small-12 large-3\"  >\n\t\t\t\t<div class=\"col-inner text-center\"  >\n\t\t\t\n\t\t\t\n\n<div class=\"row\"  id=\"row-765816270\">\n\n\n\t<div id=\"col-1027623640\" class=\"col medium-11 small-12 large-11\"  >\n\t\t\t\t<div class=\"col-inner\"  >\n\t\t\t\n\t\t\t\n\n\t<div class=\"img has-hover x md-x lg-x y md-y lg-y\" id=\"image_1318462032\">\n\t\t\t\t\t\t\t\t<div class=\"img-inner dark\" >\n\t\t\t<img loading=\"lazy\" decoding=\"async\" width=\"328\" height=\"329\" src=\"https:\/\/netsiteperu.com\/wp-content\/uploads\/2024\/10\/03.webp\" class=\"attachment-original size-original\" alt=\"\" srcset=\"https:\/\/netsiteperu.com\/wp-content\/uploads\/2024\/10\/03.webp 328w, https:\/\/netsiteperu.com\/wp-content\/uploads\/2024\/10\/03-300x300.webp 300w, https:\/\/netsiteperu.com\/wp-content\/uploads\/2024\/10\/03-150x150.webp 150w\" sizes=\"auto, (max-width: 328px) 100vw, 328px\" \/>\t\t\t\t\t\t\n\t\t\t\t\t<\/div>\n\t\t\t\t\t\t\t\t\n<style>\n#image_1318462032 {\n  width: 100%;\n}\n<\/style>\n\t<\/div>\n\t\n\n\n\t\t<\/div>\n\t\t\t\t\t<\/div>\n\n\t\n\n\t<div id=\"col-648512271\" class=\"col medium-11 small-12 large-11\"  >\n\t\t\t\t<div class=\"col-inner\"  >\n\t\t\t\n\t\t\t\n\n<p class=\"verdana\"><strong><span style=\"font-size: 150%; color: #000000;\">Automatizaci\u00f3n:<\/span><\/strong><\/p>\n<p class=\"verdana\"><span style=\"font-size: 100%; color: #000000;\">Realizamos sistemas a medidas, ya sean complementarios o que se requiera un sistema integral desde 0 para automatizar uno o varios procesos dentro de la empresa.<\/span><\/p>\n\n\t\t<\/div>\n\t\t\t\t\t<\/div>\n\n\t\n\n<\/div>\n\n\t\t<\/div>\n\t\t\t\t\t<\/div>\n\n\t\n\n<\/div>\n\t<div id=\"gap-976590195\" class=\"gap-element clearfix\" style=\"display:block; height:auto;\">\n\t\t\n<style>\n#gap-976590195 {\n  padding-top: 30px;\n}\n<\/style>\n\t<\/div>\n\t\n\n<div class=\"row row-small row-full-width align-equal align-center\"  id=\"row-1838282712\">\n\n\n\t<div id=\"col-1625518048\" class=\"col medium-4 small-12 large-4\"  >\n\t\t\t\t<div class=\"col-inner text-center\"  >\n\t\t\t\n\t\t\t\n\n<div class=\"row\"  id=\"row-143117399\">\n\n\n\t<div id=\"col-1959095788\" class=\"col medium-11 small-12 large-11\"  >\n\t\t\t\t<div class=\"col-inner\"  >\n\t\t\t\n\t\t\t\n\n\t<div class=\"img has-hover x md-x lg-x y md-y lg-y\" id=\"image_2030867699\">\n\t\t\t\t\t\t\t\t<div class=\"img-inner dark\" >\n\t\t\t<img loading=\"lazy\" decoding=\"async\" width=\"732\" height=\"680\" src=\"https:\/\/netsiteperu.com\/wp-content\/uploads\/2024\/10\/Capa-9.webp\" class=\"attachment-original size-original\" alt=\"\" srcset=\"https:\/\/netsiteperu.com\/wp-content\/uploads\/2024\/10\/Capa-9.webp 732w, https:\/\/netsiteperu.com\/wp-content\/uploads\/2024\/10\/Capa-9-300x279.webp 300w\" sizes=\"auto, (max-width: 732px) 100vw, 732px\" \/>\t\t\t\t\t\t\n\t\t\t\t\t<\/div>\n\t\t\t\t\t\t\t\t\n<style>\n#image_2030867699 {\n  width: 100%;\n}\n<\/style>\n\t<\/div>\n\t\n\n\n\t\t<\/div>\n\t\t\t\t\t<\/div>\n\n\t\n\n<\/div>\n\n\t\t<\/div>\n\t\t\t\t\t<\/div>\n\n\t\n\n\t<div id=\"col-1840526426\" class=\"col medium-5 small-12 large-5\"  >\n\t\t\t\t<div class=\"col-inner text-left\"  >\n\t\t\t\n\t\t\t\n\n\t<div class=\"img has-hover x md-x lg-x y md-y lg-y\" id=\"image_699232837\">\n\t\t\t\t\t\t\t\t<div class=\"img-inner dark\" >\n\t\t\t<img loading=\"lazy\" decoding=\"async\" width=\"1024\" height=\"469\" src=\"https:\/\/netsiteperu.com\/wp-content\/uploads\/2024\/10\/logo.webp\" class=\"attachment-original size-original\" alt=\"\" srcset=\"https:\/\/netsiteperu.com\/wp-content\/uploads\/2024\/10\/logo.webp 1024w, https:\/\/netsiteperu.com\/wp-content\/uploads\/2024\/10\/logo-300x137.webp 300w, https:\/\/netsiteperu.com\/wp-content\/uploads\/2024\/10\/logo-768x352.webp 768w\" sizes=\"auto, (max-width: 1024px) 100vw, 1024px\" \/>\t\t\t\t\t\t\n\t\t\t\t\t<\/div>\n\t\t\t\t\t\t\t\t\n<style>\n#image_699232837 {\n  width: 20%;\n}\n<\/style>\n\t<\/div>\n\t\n\n<p class=\"verdana\"><span style=\"color: #808080; font-size: 120%;\"><strong>\u00bfPOR QU\u00c9 ELEGIRNOS?<\/strong><\/span><\/p>\n<p class=\"verdana\"><span style=\"color: #000000; font-size: 160%;\"><strong>Somos tu socio estrat\u00e9gico!!.<\/strong><\/span><\/p>\n<p class=\"verdana\"><span style=\"color: #000000; font-size: 95%;\">Con m\u00e1s de 7 a\u00f1os de experiencia en el mercado, ayudamos a que tu empresa o emprendimiento siga creciendo. Facilitamos tus procesos internos, permitiendo que los gestiones de forma organizada y mantengas el control absoluto sobre ellos. Adem\u00e1s, impulsamos la visibilidad de tu empresa mediante el desarrollo de p\u00e1ginas web que permiten a los usuarios interactuar contigo. Te asesoramos y llevamos a cabo la automatizaci\u00f3n o mejora de tus proyectos, optimizando as\u00ed tu organizaci\u00f3n.<\/span><\/p>\n<p class=\"verdana\"><span style=\"color: #000000; font-size: 95%;\"><strong>&#8220;El \u00e9xito no es el final, el fracaso no es fatal: lo que cuenta es el coraje de continuar.&#8221; \u2013 Winston Churchill<\/strong><\/span><\/p>\n\n\t\t<\/div>\n\t\t\t\t\t<\/div>\n\n\t\n\n<\/div>\n\t<div id=\"gap-1438160760\" class=\"gap-element clearfix\" style=\"display:block; height:auto;\">\n\t\t\n<style>\n#gap-1438160760 {\n  padding-top: 50px;\n}\n<\/style>\n\t<\/div>\n\t\n\n<div class=\"row row-small row-full-width align-equal align-center\"  id=\"row-607066078\">\n\n\n\t<div id=\"col-2122840064\" class=\"col medium-5 small-12 large-5\"  >\n\t\t\t\t<div class=\"col-inner text-left\"  >\n\t\t\t\n\t\t\t\n\n\t<div class=\"img has-hover x md-x lg-x y md-y lg-y\" id=\"image_650335260\">\n\t\t\t\t\t\t\t\t<div class=\"img-inner dark\" >\n\t\t\t<img loading=\"lazy\" decoding=\"async\" width=\"1024\" height=\"469\" src=\"https:\/\/netsiteperu.com\/wp-content\/uploads\/2024\/10\/logo.webp\" class=\"attachment-original size-original\" alt=\"\" srcset=\"https:\/\/netsiteperu.com\/wp-content\/uploads\/2024\/10\/logo.webp 1024w, https:\/\/netsiteperu.com\/wp-content\/uploads\/2024\/10\/logo-300x137.webp 300w, https:\/\/netsiteperu.com\/wp-content\/uploads\/2024\/10\/logo-768x352.webp 768w\" sizes=\"auto, (max-width: 1024px) 100vw, 1024px\" \/>\t\t\t\t\t\t\n\t\t\t\t\t<\/div>\n\t\t\t\t\t\t\t\t\n<style>\n#image_650335260 {\n  width: 20%;\n}\n<\/style>\n\t<\/div>\n\t\n\n<p class=\"verdana\"><span style=\"color: #808080; font-size: 120%;\"><strong>SOBRE NOSOTROS<\/strong><\/span><\/p>\n<p class=\"verdana\"><span style=\"color: #000000; font-size: 160%;\"><strong>\u00a1Somos una organizaci\u00f3n con amplia experiencia y visi\u00f3n innovadora!.<\/strong><\/span><\/p>\n<p class=\"verdana\"><span style=\"color: #000000; font-size: 95%;\">Nos dedicamos al sector tecnol\u00f3gico de vanguardia, siempre en busca de las \u00faltimas actualizaciones y avances. Con m\u00e1s de 7 a\u00f1os de experiencia, nos enfocamos en cumplir las metas propuestas de manera eficiente y organizada.<\/span><\/p>\n<p class=\"verdana\"><span style=\"color: #000000; font-size: 95%;\">Somos especialistas en la automatizaci\u00f3n de procesos, optimizando el rendimiento de actividades y operaciones dentro de las organizaciones. Nos apasiona enfrentar cualquier reto o desaf\u00edo, siempre comprometidos con lograr los objetivos y superar las expectativas de nuestros clientes.<\/span><\/p>\n<p class=\"verdana\"><span style=\"font-size: 95%;\"><strong><span style=\"color: #000000;\"><em>&#8220;El progreso es imposible sin cambio, y aquellos que no pueden cambiar sus mentes no pueden cambiar nada.&#8221; \u2013 George Bernard Shaw<\/em><\/span><\/strong><\/span><\/p>\n\n\t\t<\/div>\n\t\t\t\t\t<\/div>\n\n\t\n\n\t<div id=\"col-1323593323\" class=\"col medium-4 small-12 large-4\"  >\n\t\t\t\t<div class=\"col-inner text-center\"  >\n\t\t\t\n\t\t\t\n\n<div class=\"row\"  id=\"row-389334811\">\n\n\n\t<div id=\"col-603558598\" class=\"col medium-11 small-12 large-11\"  >\n\t\t\t\t<div class=\"col-inner\"  >\n\t\t\t\n\t\t\t\n\n\t<div class=\"img has-hover x md-x lg-x y md-y lg-y\" id=\"image_310749264\">\n\t\t\t\t\t\t\t\t<div class=\"img-inner dark\" >\n\t\t\t<img loading=\"lazy\" decoding=\"async\" width=\"750\" height=\"683\" src=\"https:\/\/netsiteperu.com\/wp-content\/uploads\/2024\/10\/chica-copia.webp\" class=\"attachment-original size-original\" alt=\"\" srcset=\"https:\/\/netsiteperu.com\/wp-content\/uploads\/2024\/10\/chica-copia.webp 750w, https:\/\/netsiteperu.com\/wp-content\/uploads\/2024\/10\/chica-copia-300x273.webp 300w\" sizes=\"auto, (max-width: 750px) 100vw, 750px\" \/>\t\t\t\t\t\t\n\t\t\t\t\t<\/div>\n\t\t\t\t\t\t\t\t\n<style>\n#image_310749264 {\n  width: 100%;\n}\n<\/style>\n\t<\/div>\n\t\n\n\n\t\t<\/div>\n\t\t\t\t\t<\/div>\n\n\t\n\n<\/div>\n\n\t\t<\/div>\n\t\t\t\t\t<\/div>\n\n\t\n\n<\/div>\n\t<div id=\"gap-1847166608\" class=\"gap-element clearfix\" style=\"display:block; height:auto;\">\n\t\t\n<style>\n#gap-1847166608 {\n  padding-top: 50px;\n}\n<\/style>\n\t<\/div>\n\t\n\n\n\t\t<\/div>\n\n\t\t\n<style>\n#section_1306843458 {\n  padding-top: 0px;\n  padding-bottom: 0px;\n}\n#section_1306843458 .ux-shape-divider--top svg {\n  height: 150px;\n  --divider-top-width: 100%;\n}\n#section_1306843458 .ux-shape-divider--bottom svg {\n  height: 150px;\n  --divider-width: 100%;\n}\n<\/style>\n\t<\/section>\n\t\n\n","protected":false},"excerpt":{"rendered":"","protected":false},"author":1,"featured_media":0,"parent":0,"menu_order":0,"comment_status":"closed","ping_status":"closed","template":"page-blank.php","meta":{"footnotes":""},"class_list":["post-12","page","type-page","status-publish","hentry"],"_links":{"self":[{"href":"https:\/\/netsiteperu.com\/index.php\/wp-json\/wp\/v2\/pages\/12","targetHints":{"allow":["GET"]}}],"collection":[{"href":"https:\/\/netsiteperu.com\/index.php\/wp-json\/wp\/v2\/pages"}],"about":[{"href":"https:\/\/netsiteperu.com\/index.php\/wp-json\/wp\/v2\/types\/page"}],"author":[{"embeddable":true,"href":"https:\/\/netsiteperu.com\/index.php\/wp-json\/wp\/v2\/users\/1"}],"replies":[{"embeddable":true,"href":"https:\/\/netsiteperu.com\/index.php\/wp-json\/wp\/v2\/comments?post=12"}],"version-history":[{"count":43,"href":"https:\/\/netsiteperu.com\/index.php\/wp-json\/wp\/v2\/pages\/12\/revisions"}],"predecessor-version":[{"id":74,"href":"https:\/\/netsiteperu.com\/index.php\/wp-json\/wp\/v2\/pages\/12\/revisions\/74"}],"wp:attachment":[{"href":"https:\/\/netsiteperu.com\/index.php\/wp-json\/wp\/v2\/media?parent=12"}],"curies":[{"name":"wp","href":"https:\/\/api.w.org\/{rel}","templated":true}]}}